{"id":12173,"date":"2024-05-17T16:33:29","date_gmt":"2024-05-17T21:33:29","guid":{"rendered":"https:\/\/colcamilodaza.edu.co\/web\/?page_id=12173"},"modified":"2024-05-29T15:10:21","modified_gmt":"2024-05-29T20:10:21","slug":"visita-pastoral-de-monsenor-obispo-de-la-diocesis-de-cucuta","status":"publish","type":"page","link":"https:\/\/colcamilodaza.edu.co\/web\/visita-pastoral-de-monsenor-obispo-de-la-diocesis-de-cucuta\/","title":{"rendered":"Visita pastoral de Monse\u00f1or, Obispo de la Di\u00f3cesis de C\u00facuta"},"content":{"rendered":"<div class=\"wpb-content-wrapper\"><p>[vc_row][vc_column width=\u00bb2\/3&#8243;][vc_single_image image=\u00bb12187&#8243; img_size=\u00bbmedium\u00bb style=\u00bbvc_box_rounded\u00bb][vc_column_text]<\/p>\n<div class=\"xdj266r x11i5rnm xat24cr x1mh8g0r x1vvkbs x126k92a\">\n<div dir=\"auto\">Recibimos con gran alegr\u00eda la visita pastoral de Monse\u00f1or Jos\u00e9 Libardo Garc\u00e9s Monsalve, Obispo de la <span style=\"color: #3366ff;\"><a style=\"color: #3366ff;\" href=\"https:\/\/diocesisdecucuta.com\/\" target=\"_blank\" rel=\"noopener\"><span class=\"html-span xdj266r x11i5rnm xat24cr x1mh8g0r xexx8yu x4uap5 x18d9i69 xkhd6sd x1hl2dhg x16tdsg8 x1vvkbs\"><span class=\"xt0psk2\">Di\u00f3cesis de C\u00facuta<\/span><\/span><\/a><\/span>, en nuestra instituci\u00f3n educativa! <span class=\"html-span xexx8yu x4uap5 x18d9i69 xkhd6sd x1hl2dhg x16tdsg8 x1vvkbs x3nfvp2 x1j61x8r x1fcty0u xdj266r xhhsvwb xat24cr xgzva0m xxymvpz xlup9mm x1kky2od\"><img loading=\"lazy\" decoding=\"async\" class=\"xz74otr\" src=\"https:\/\/static.xx.fbcdn.net\/images\/emoji.php\/v9\/t7c\/1\/16\/1f64f_1f3fc.png\" alt=\"\ud83d\ude4f\ud83c\udffc\" width=\"16\" height=\"16\" \/><\/span> Durante su recorrido por nuestras sedes Central Camilo Daza, Cristo Rey y Scalabrini, nos bendijo con su presencia y nos dej\u00f3 un mensaje inspirador bajo el lema \u00abH\u00e1gase tu voluntad\u00bb.<\/div>\n<div dir=\"auto\"><\/div>\n<\/div>\n<div class=\"x11i5rnm xat24cr x1mh8g0r x1vvkbs xtlvy1s x126k92a\">\n<div dir=\"auto\"><span style=\"color: #333333;\">Con estas palabras, <em>nos insta a abordar los desaf\u00edos familiares y acad\u00e9micos con la gu\u00eda del perd\u00f3n, la reconciliaci\u00f3n, la paz y el di\u00e1logo, siguiendo el ejemplo de Cristo crucificado.<\/em><\/span><\/div>\n<\/div>\n<div dir=\"auto\"><\/div>\n<div dir=\"auto\"><\/div>\n<div class=\"x11i5rnm xat24cr x1mh8g0r x1vvkbs xtlvy1s x126k92a\">\n<div dir=\"auto\"><span style=\"color: #000000;\"><strong>Esta visita es parte del valioso trabajo pastoral que realiza Monse\u00f1or Garc\u00e9s, lo acompa\u00f1aron nuestros sacerdotes Scalabrinianos P. Jose Guevara Arias y P. Andrei Zan\u00f3n y directivos del plantel educativo; llevando consigo el mensaje de fe y esperanza a todas las comunidades que visita.<\/strong><\/span><\/div>\n<\/div>\n<div dir=\"auto\"><\/div>\n<div dir=\"auto\"><\/div>\n<div class=\"x11i5rnm xat24cr x1mh8g0r x1vvkbs xtlvy1s x126k92a\">\n<div dir=\"auto\">\u00a1Gracias por su bendici\u00f3n y orientaci\u00f3n espiritual!<\/div>\n<\/div>\n<div dir=\"auto\"><\/div>\n<p>[\/vc_column_text][vc_separator][\/vc_column][vc_column width=\u00bb1\/3&#8243;][\/vc_column][\/vc_row][vc_section][vc_row][vc_column][vc_images_carousel images=\u00bb12185,12177,12178,12179,12180,12181,12182,12183,12184,12186,12187,12188,12189,12190,12191,12192&#8243; img_size=\u00bblarge\u00bb title=\u00bbMonse\u00f1or Jos\u00e9 Libardo Garc\u00e9s\u00bb][\/vc_column][\/vc_row][\/vc_section]<\/p>\n<\/div>","protected":false},"excerpt":{"rendered":"<p>[vc_row][vc_column width=\u00bb2\/3&#8243;][vc_single_image image=\u00bb12187&#8243; img_size=\u00bbmedium\u00bb style=\u00bbvc_box_rounded\u00bb][vc_column_text] Recibimos con gran alegr\u00eda la visita pastoral de Monse\u00f1or Jos\u00e9 Libardo Garc\u00e9s Monsalve, Obispo de la Di\u00f3cesis de C\u00facuta, en nuestra instituci\u00f3n educativa! Durante su recorrido por nuestras sedes Central Camilo Daza, Cristo Rey y &hellip; <\/p>\n","protected":false},"author":1,"featured_media":0,"parent":0,"menu_order":0,"comment_status":"closed","ping_status":"closed","template":"","meta":{"footnotes":""},"class_list":["post-12173","page","type-page","status-publish","hentry"],"_links":{"self":[{"href":"https:\/\/colcamilodaza.edu.co\/web\/wp-json\/wp\/v2\/pages\/12173","targetHints":{"allow":["GET"]}}],"collection":[{"href":"https:\/\/colcamilodaza.edu.co\/web\/wp-json\/wp\/v2\/pages"}],"about":[{"href":"https:\/\/colcamilodaza.edu.co\/web\/wp-json\/wp\/v2\/types\/page"}],"author":[{"embeddable":true,"href":"https:\/\/colcamilodaza.edu.co\/web\/wp-json\/wp\/v2\/users\/1"}],"replies":[{"embeddable":true,"href":"https:\/\/colcamilodaza.edu.co\/web\/wp-json\/wp\/v2\/comments?post=12173"}],"version-history":[{"count":14,"href":"https:\/\/colcamilodaza.edu.co\/web\/wp-json\/wp\/v2\/pages\/12173\/revisions"}],"predecessor-version":[{"id":12240,"href":"https:\/\/colcamilodaza.edu.co\/web\/wp-json\/wp\/v2\/pages\/12173\/revisions\/12240"}],"wp:attachment":[{"href":"https:\/\/colcamilodaza.edu.co\/web\/wp-json\/wp\/v2\/media?parent=12173"}],"curies":[{"name":"wp","href":"https:\/\/api.w.org\/{rel}","templated":true}]}}