{"id":11914,"date":"2023-09-14T12:01:45","date_gmt":"2023-09-14T17:01:45","guid":{"rendered":"https:\/\/colcamilodaza.edu.co\/web\/?page_id=11914"},"modified":"2024-07-09T17:40:48","modified_gmt":"2024-07-09T22:40:48","slug":"modalidadestecnicas","status":"publish","type":"page","link":"https:\/\/colcamilodaza.edu.co\/web\/modalidadestecnicas\/","title":{"rendered":"Modalidades T\u00e9cnicas"},"content":{"rendered":"<div class=\"wpb-content-wrapper\"><p>[vc_row][vc_column][vc_custom_heading text=\u00bbEspecialidades T\u00e9cnicas \u00ab][vc_column_text]<\/p>\n<h4><strong>La Media T\u00e9cnica, busca preparar a los estudiantes en conocimientos b\u00e1sicos de las diferentes especialidades t\u00e9cnicas que ofrece la instituci\u00f3n educativa.<br \/>\nBrindando a la comunidad estudiantil la oportunidad de prepararse con los conocimientos necesarios en el \u00e1mbito administrativo, tecnol\u00f3gico, tur\u00edstico y agroindustrial, para desempe\u00f1arse en el sector laboral.<\/strong><\/h4>\n<p>&nbsp;[\/vc_column_text][vc_separator][vc_column_text]<!-- List Panel --><\/p>\n<h4><a role=\"button\" href=\"#collapse_accordion_65033c937aefc_1\" data-toggle=\"collapse\" data-parent=\"#accordion_65033c937aefc\" aria-expanded=\"false\" aria-controls=\"collapse_accordion_65033c937aefc_1\">T\u00e9cnica Agroindutria Alimentaria\u00a0<\/a><\/h4>\n<h4><a role=\"button\" href=\"#collapse_accordion_65033c937aefc_1\" data-toggle=\"collapse\" data-parent=\"#accordion_65033c937aefc\" aria-expanded=\"false\" aria-controls=\"collapse_accordion_65033c937aefc_1\"><br \/>\nT\u00e9cnica Asistencia Administrativa <\/a><\/h4>\n<h4><a role=\"button\" href=\"#collapse_accordion_65033c937aefc_2\" data-toggle=\"collapse\" data-parent=\"#accordion_65033c937aefc\" aria-expanded=\"false\" aria-controls=\"collapse_accordion_65033c937aefc_2\"><br \/>\nTecnica mantenimiento de equipos de c\u00f3mputo <\/a><\/h4>\n<h4><a role=\"button\" href=\"#collapse_accordion_65033c937aefc_3\" data-toggle=\"collapse\" data-parent=\"#accordion_65033c937aefc\" aria-expanded=\"false\" aria-controls=\"collapse_accordion_65033c937aefc_3\"><br \/>\nT\u00e9cnicas Animaci\u00f3n Tur\u00edstica <\/a><\/h4>\n<p><!-- End: List Panel -->[\/vc_column_text]<div class=\"thim-widget-carousel-categories template-base\"><h3 class=\"widget-title\">Categor\u00edas de carrusel<\/h3><p>You need edit page and config category for shortcode<\/p><\/div>[\/vc_column][\/vc_row][vc_row][vc_column parallax=\u00bbcontent-moving-fade\u00bb parallax_image=\u00bb12335&#8243;][\/vc_column][\/vc_row]<\/p>\n<\/div>","protected":false},"excerpt":{"rendered":"<p>[vc_row][vc_column][vc_custom_heading text=\u00bbEspecialidades T\u00e9cnicas \u00ab][vc_column_text] La Media T\u00e9cnica, busca preparar a los estudiantes en conocimientos b\u00e1sicos de las diferentes especialidades t\u00e9cnicas que ofrece la instituci\u00f3n educativa. Brindando a la comunidad estudiantil la oportunidad de prepararse con los conocimientos necesarios en el &hellip; <\/p>\n","protected":false},"author":1,"featured_media":11874,"parent":0,"menu_order":0,"comment_status":"closed","ping_status":"closed","template":"","meta":{"footnotes":""},"class_list":["post-11914","page","type-page","status-publish","has-post-thumbnail","hentry"],"_links":{"self":[{"href":"https:\/\/colcamilodaza.edu.co\/web\/wp-json\/wp\/v2\/pages\/11914","targetHints":{"allow":["GET"]}}],"collection":[{"href":"https:\/\/colcamilodaza.edu.co\/web\/wp-json\/wp\/v2\/pages"}],"about":[{"href":"https:\/\/colcamilodaza.edu.co\/web\/wp-json\/wp\/v2\/types\/page"}],"author":[{"embeddable":true,"href":"https:\/\/colcamilodaza.edu.co\/web\/wp-json\/wp\/v2\/users\/1"}],"replies":[{"embeddable":true,"href":"https:\/\/colcamilodaza.edu.co\/web\/wp-json\/wp\/v2\/comments?post=11914"}],"version-history":[{"count":24,"href":"https:\/\/colcamilodaza.edu.co\/web\/wp-json\/wp\/v2\/pages\/11914\/revisions"}],"predecessor-version":[{"id":12345,"href":"https:\/\/colcamilodaza.edu.co\/web\/wp-json\/wp\/v2\/pages\/11914\/revisions\/12345"}],"wp:featuredmedia":[{"embeddable":true,"href":"https:\/\/colcamilodaza.edu.co\/web\/wp-json\/wp\/v2\/media\/11874"}],"wp:attachment":[{"href":"https:\/\/colcamilodaza.edu.co\/web\/wp-json\/wp\/v2\/media?parent=11914"}],"curies":[{"name":"wp","href":"https:\/\/api.w.org\/{rel}","templated":true}]}}