{"id":11639,"date":"2019-06-02T23:04:19","date_gmt":"2019-06-03T04:04:19","guid":{"rendered":"https:\/\/colcamilodaza.edu.co\/web\/become-a-teacher\/"},"modified":"2024-07-12T08:52:25","modified_gmt":"2024-07-12T13:52:25","slug":"become-a-teacher","status":"publish","type":"page","link":"https:\/\/colcamilodaza.edu.co\/web\/become-a-teacher\/","title":{"rendered":"Servicios"},"content":{"rendered":"<div class=\"wpb-content-wrapper\"><p>[vc_section][vc_row][vc_column][vc_custom_heading text=\u00bbNuestros Servicios\u00bb font_container=\u00bbtag:h2|text_align:left|color:%230077b6&#8243;][\/vc_column][\/vc_row][\/vc_section][vc_row][vc_column width=\u00bb1\/4&#8243;][vc_single_image image=\u00bb12300&#8243; title=\u00bbBiblioteca\u00bb][vc_column_text][\/vc_column_text]<div class=\"thim-widget-accordion template-base\"><div class=\"thim-widget-accordion\"><div id=\"accordion_6a0075735b88e\" class=\"panel-group\" role=\"tablist\" aria-multiselectable=\"true\">\n\t<!-- List Panel -->\n\t\n\t\t<div class=\"panel panel-default\">\n\t\t\t<div class=\"panel-heading\" role=\"tab\" id=\"heading_accordion_6a0075735b88e_0\">\n\t\t\t\t<h4 class=\"panel-title\">\n\t\t\t\t\t<a role=\"button\" class=\"collapsed\" data-toggle=\"collapse\"\n\t\t\t\t\t   data-parent=\"#accordion_6a0075735b88e\"\n\t\t\t\t\t   href=\"#collapse_accordion_6a0075735b88e_0\" aria-expanded=\"false\"\n\t\t\t\t\t   aria-controls=\"collapse_accordion_6a0075735b88e_0\">\n\t\t\t\t\t\tHorarios\t\t\t\t\t<\/a>\n\t\t\t\t<\/h4>\n\t\t\t<\/div>\n\t\t\t<div id=\"collapse_accordion_6a0075735b88e_0\" class=\"panel-collapse collapse\"\n\t\t\t\t role=\"tabpanel\" aria-labelledby=\"heading_accordion_6a0075735b88e_0\">\n\t\t\t\t<div class=\"panel-body\">\n\t\t\t\t\tLas dos bibliotecas del Colegio Camilo Daza est\u00e1n abiertas tanto para la comunidad educativa como para el p\u00fablico en general. Ofrece una variedad de servicios dise\u00f1ados para apoyar las necesidades acad\u00e9micas y de informaci\u00f3n de sus usuarios.\n\nHorarios de Atenci\u00f3n\nLunes a Viernes:\nMa\u00f1ana: 8:00 AM - 10:30 AM\nTarde: 1:00 PM - 3:30 PM\nServicios Ofrecidos\nAcompa\u00f1amiento y Asesor\u00eda de Tareas: Personal capacitado est\u00e1 disponible para ayudar a los estudiantes con sus tareas y proyectos escolares.\nApoyo en la B\u00fasqueda de Informaci\u00f3n: Asistencia en la localizaci\u00f3n y uso de recursos de informaci\u00f3n tanto f\u00edsicos como digitales.\nPr\u00e9stamo de Libros: Los usuarios pueden llevarse libros prestados presentando un documento de identificaci\u00f3n (los estudiantes deben mostrar su carnet).\nEspacios para Docentes\nHora de la Ma\u00f1ana: 10:40 AM - 11:40 AM\nHora de la Tarde: 3:40 PM - 4:40 PM\nEstos espacios est\u00e1n reservados para que los docentes realicen actividades espec\u00edficas, reuniones, o cualquier otra necesidad acad\u00e9mica que tengan.\t\t\t\t<\/div>\n\t\t\t<\/div>\n\t\t<\/div>\n\n\t\t<!-- End: List Panel -->\n<\/div>\n<\/div>\n<\/div>[\/vc_column][vc_column width=\u00bb1\/4&#8243;][vc_single_image image=\u00bb12192&#8243; img_size=\u00bbmedium\u00bb title=\u00bbBanda de Marchas \u00ab]<div class=\"thim-widget-accordion template-base\"><div class=\"thim-widget-accordion\"><div id=\"accordion_6a0075735b957\" class=\"panel-group\" role=\"tablist\" aria-multiselectable=\"true\">\n\t<!-- List Panel -->\n\t\n\t\t<div class=\"panel panel-default\">\n\t\t\t<div class=\"panel-heading\" role=\"tab\" id=\"heading_accordion_6a0075735b957_0\">\n\t\t\t\t<h4 class=\"panel-title\">\n\t\t\t\t\t<a role=\"button\" class=\"collapsed\" data-toggle=\"collapse\"\n\t\t\t\t\t   data-parent=\"#accordion_6a0075735b957\"\n\t\t\t\t\t   href=\"#collapse_accordion_6a0075735b957_0\" aria-expanded=\"false\"\n\t\t\t\t\t   aria-controls=\"collapse_accordion_6a0075735b957_0\">\n\t\t\t\t\t\tVer M\u00e1s\t\t\t\t\t<\/a>\n\t\t\t\t<\/h4>\n\t\t\t<\/div>\n\t\t\t<div id=\"collapse_accordion_6a0075735b957_0\" class=\"panel-collapse collapse\"\n\t\t\t\t role=\"tabpanel\" aria-labelledby=\"heading_accordion_6a0075735b957_0\">\n\t\t\t\t<div class=\"panel-body\">\n\t\t\t\t\tLa banda de marchas del colegio Camilo daza se ven\u00eda trabajando hasta el a\u00f1o 2023 como una banda tradicional con m\u00fasica adaptada a marchas.\nEn el 2024 se proyecta a una banda de categor\u00eda latina ya con instrumentos de alta gamma y adecuados para darle una mejor expectativa y brindar un buen espect\u00e1culo ya que los directivos le brindaron el apoyo necesario a los estudiantes para lograr posesionarse como una de las mejores agrupaciones a nivel departamental y nacional.\nActualmente contamos con 70 integrantes entre ellos un grupo coreogr\u00e1fico con 11 ni\u00f1as y un masculino en el cuerpo de baile. \t\t\t\t<\/div>\n\t\t\t<\/div>\n\t\t<\/div>\n\n\t\t<!-- End: List Panel -->\n<\/div>\n<\/div>\n<\/div>[\/vc_column][vc_column width=\u00bb1\/4&#8243;][vc_single_image image=\u00bb12303&#8243; img_size=\u00bbmedium\u00bb title=\u00bbOrientaci\u00f3n Escolar\u00bb]<div class=\"thim-widget-accordion template-base\"><div class=\"thim-widget-accordion\"><div id=\"accordion_6a0075735b9e0\" class=\"panel-group\" role=\"tablist\" aria-multiselectable=\"true\">\n\t<!-- List Panel -->\n\t\n\t\t<div class=\"panel panel-default\">\n\t\t\t<div class=\"panel-heading\" role=\"tab\" id=\"heading_accordion_6a0075735b9e0_0\">\n\t\t\t\t<h4 class=\"panel-title\">\n\t\t\t\t\t<a role=\"button\" class=\"collapsed\" data-toggle=\"collapse\"\n\t\t\t\t\t   data-parent=\"#accordion_6a0075735b9e0\"\n\t\t\t\t\t   href=\"#collapse_accordion_6a0075735b9e0_0\" aria-expanded=\"false\"\n\t\t\t\t\t   aria-controls=\"collapse_accordion_6a0075735b9e0_0\">\n\t\t\t\t\t\tVer M\u00e1s\t\t\t\t\t<\/a>\n\t\t\t\t<\/h4>\n\t\t\t<\/div>\n\t\t\t<div id=\"collapse_accordion_6a0075735b9e0_0\" class=\"panel-collapse collapse\"\n\t\t\t\t role=\"tabpanel\" aria-labelledby=\"heading_accordion_6a0075735b9e0_0\">\n\t\t\t\t<div class=\"panel-body\">\n\t\t\t\t\tLa atenci\u00f3n individual y grupal realizada por la dependencia de Orientaci\u00f3n Escolar est\u00e1 dirigida a los miembros de la Comunidad Educativa que lo soliciten o lo requieran.\n\nLos profesionales de orientaci\u00f3n escolar se re\u00fanen con los estudiantes que son referidos por directivos, educadores o padres de familia, e igualmente, por decisi\u00f3n personal del estudiante.\n\nLos padres de familia pueden hacer una solicitud para su hijo por cualquier inquietud acad\u00e9mica, social o emocional que pueda estar presentando, enviando un comunicado a trav\u00e9s de la plataforma Ovy o establecer contacto con el \u00e1rea de Orientaci\u00f3n en la Secci\u00f3n a la que pertenezca el estudiante, para recibir la atenci\u00f3n pertinente.\t\t\t\t<\/div>\n\t\t\t<\/div>\n\t\t<\/div>\n\n\t\t<!-- End: List Panel -->\n<\/div>\n<\/div>\n<\/div>[\/vc_column][vc_column width=\u00bb1\/4&#8243;][vc_single_image image=\u00bb12304&#8243; img_size=\u00bbmedium\u00bb title=\u00bbPastoral\u00bb]<div class=\"thim-widget-accordion template-base\"><div class=\"thim-widget-accordion\"><div id=\"accordion_6a0075735ba59\" class=\"panel-group\" role=\"tablist\" aria-multiselectable=\"true\">\n\t<!-- List Panel -->\n\t\n\t\t<div class=\"panel panel-default\">\n\t\t\t<div class=\"panel-heading\" role=\"tab\" id=\"heading_accordion_6a0075735ba59_0\">\n\t\t\t\t<h4 class=\"panel-title\">\n\t\t\t\t\t<a role=\"button\" class=\"collapsed\" data-toggle=\"collapse\"\n\t\t\t\t\t   data-parent=\"#accordion_6a0075735ba59\"\n\t\t\t\t\t   href=\"#collapse_accordion_6a0075735ba59_0\" aria-expanded=\"false\"\n\t\t\t\t\t   aria-controls=\"collapse_accordion_6a0075735ba59_0\">\n\t\t\t\t\t\tVer M\u00e1s\t\t\t\t\t<\/a>\n\t\t\t\t<\/h4>\n\t\t\t<\/div>\n\t\t\t<div id=\"collapse_accordion_6a0075735ba59_0\" class=\"panel-collapse collapse\"\n\t\t\t\t role=\"tabpanel\" aria-labelledby=\"heading_accordion_6a0075735ba59_0\">\n\t\t\t\t<div class=\"panel-body\">\n\t\t\t\t\tEl colegio \u00a0reconoce que la educaci\u00f3n en la espiritualidad es un factor clave para el desarrollo integral de las personas, para el fomento de una convivencia pac\u00edfica y solidaria, y para el compromiso con la transformaci\u00f3n social, territorial y ecol\u00f3gica. Por ello, el colegio Camilo Daza propone una pedagog\u00eda de la espiritualidad.\t\t\t\t<\/div>\n\t\t\t<\/div>\n\t\t<\/div>\n\n\t\t<!-- End: List Panel -->\n<\/div>\n<\/div>\n<\/div>[\/vc_column][\/vc_row][vc_row][vc_column][\/vc_column][\/vc_row]<\/p>\n<\/div>","protected":false},"excerpt":{"rendered":"<p>[vc_section][vc_row][vc_column][vc_custom_heading text=\u00bbNuestros Servicios\u00bb font_container=\u00bbtag:h2|text_align:left|color:%230077b6&#8243;][\/vc_column][\/vc_row][\/vc_section][vc_row][vc_column width=\u00bb1\/4&#8243;][vc_single_image image=\u00bb12300&#8243; title=\u00bbBiblioteca\u00bb][vc_column_text][\/vc_column_text][\/vc_column][vc_column width=\u00bb1\/4&#8243;][vc_single_image image=\u00bb12192&#8243; img_size=\u00bbmedium\u00bb title=\u00bbBanda de Marchas \u00ab][\/vc_column][vc_column width=\u00bb1\/4&#8243;][vc_single_image image=\u00bb12303&#8243; img_size=\u00bbmedium\u00bb title=\u00bbOrientaci\u00f3n Escolar\u00bb][\/vc_column][vc_column width=\u00bb1\/4&#8243;][vc_single_image image=\u00bb12304&#8243; img_size=\u00bbmedium\u00bb title=\u00bbPastoral\u00bb][\/vc_column][\/vc_row][vc_row][vc_column][\/vc_column][\/vc_row]<\/p>\n","protected":false},"author":1,"featured_media":0,"parent":0,"menu_order":0,"comment_status":"closed","ping_status":"closed","template":"page-templates\/landing-page.php","meta":{"footnotes":""},"class_list":["post-11639","page","type-page","status-publish","hentry"],"_links":{"self":[{"href":"https:\/\/colcamilodaza.edu.co\/web\/wp-json\/wp\/v2\/pages\/11639","targetHints":{"allow":["GET"]}}],"collection":[{"href":"https:\/\/colcamilodaza.edu.co\/web\/wp-json\/wp\/v2\/pages"}],"about":[{"href":"https:\/\/colcamilodaza.edu.co\/web\/wp-json\/wp\/v2\/types\/page"}],"author":[{"embeddable":true,"href":"https:\/\/colcamilodaza.edu.co\/web\/wp-json\/wp\/v2\/users\/1"}],"replies":[{"embeddable":true,"href":"https:\/\/colcamilodaza.edu.co\/web\/wp-json\/wp\/v2\/comments?post=11639"}],"version-history":[{"count":23,"href":"https:\/\/colcamilodaza.edu.co\/web\/wp-json\/wp\/v2\/pages\/11639\/revisions"}],"predecessor-version":[{"id":12377,"href":"https:\/\/colcamilodaza.edu.co\/web\/wp-json\/wp\/v2\/pages\/11639\/revisions\/12377"}],"wp:attachment":[{"href":"https:\/\/colcamilodaza.edu.co\/web\/wp-json\/wp\/v2\/media?parent=11639"}],"curies":[{"name":"wp","href":"https:\/\/api.w.org\/{rel}","templated":true}]}}